{"id":36,"date":"2025-01-10T04:09:24","date_gmt":"2025-01-10T04:09:24","guid":{"rendered":"https:\/\/asociacionhernanvergara.com\/ahv\/services\/"},"modified":"2026-03-27T15:30:42","modified_gmt":"2026-03-27T15:30:42","slug":"services","status":"publish","type":"page","link":"https:\/\/asociacionhernanvergara.com\/ahv\/services\/","title":{"rendered":"Services"},"content":{"rendered":"\n\n\n\n\n<p>Lorem Ipsum has been the industry&#8217;s standard dummy text ever since the 1500s.<\/p>\n\n\n\n\n\n<h2><font style=\"vertical-align: inherit;\"><font style=\"vertical-align: inherit; color: rgb(255, 255, 255);\">Desarrollo social<\/font><\/font><\/h2>\n\n\n\n\n\n<h5><font style=\"vertical-align: inherit;\"><font style=\"vertical-align: inherit;\"><\/font><\/font><\/h5><span style=\"color:#ffffff;\"><h5><font style=\"vertical-align: inherit;\"><font style=\"vertical-align: inherit;\"><font style=\"vertical-align: inherit;\"><font style=\"vertical-align: inherit;\"><font style=\"vertical-align: inherit;\"><font style=\"vertical-align: inherit;\"><\/font><\/font><\/font><\/font><\/font><\/font><\/h5><span style=\"color:#ffffff;\"><h5><font style=\"vertical-align: inherit;\"><font style=\"vertical-align: inherit;\"><font style=\"vertical-align: inherit;\"><font style=\"vertical-align: inherit;\"><font style=\"vertical-align: inherit;\"><font style=\"vertical-align: inherit;\">La Asociaci\u00f3n Hern\u00e1n Vergara en San Jos\u00e9<\/font><\/font><\/font><\/font><\/font><\/font><\/h5><h5><\/h5><\/span><h5><font style=\"vertical-align: inherit;\"><font style=\"vertical-align: inherit;\"><font style=\"vertical-align: inherit;\"><font style=\"vertical-align: inherit;\"><font style=\"vertical-align: inherit;\"><font style=\"vertical-align: inherit;\">de Suaita-Santander tiene como objetivos<\/font><\/font><\/font><\/font><\/font><\/font><\/h5><h5><font style=\"vertical-align: inherit;\"><font style=\"vertical-align: inherit;\"><font style=\"vertical-align: inherit;\"><font style=\"vertical-align: inherit;\"><font style=\"vertical-align: inherit;\"><font style=\"vertical-align: inherit;\">defender la vida, apoyar al enfermo mental y<\/font><\/font><\/font><\/font><\/font><\/font><\/h5><h5><font style=\"vertical-align: inherit;\"><font style=\"vertical-align: inherit;\"><font style=\"vertical-align: inherit;\"><font style=\"vertical-align: inherit;\"><font style=\"vertical-align: inherit;\"><font style=\"vertical-align: inherit;\">la poblaci\u00f3n m\u00e1s vulnerable. Desarrollar<\/font><\/font><\/font><\/font><\/font><\/font><\/h5><h5><font style=\"vertical-align: inherit;\"><font style=\"vertical-align: inherit;\"><font style=\"vertical-align: inherit;\"><font style=\"vertical-align: inherit;\"><font style=\"vertical-align: inherit;\"><font style=\"vertical-align: inherit;\">talleres agropecuarios los cuales tecnifica d\u00eda<\/font><\/font><\/font><\/font><\/font><\/font><\/h5><h5><font style=\"vertical-align: inherit;\"><font style=\"vertical-align: inherit;\"><font style=\"vertical-align: inherit;\"><font style=\"vertical-align: inherit;\"><font style=\"vertical-align: inherit;\"><font style=\"vertical-align: inherit;\">un d\u00eda para hacerlos sostenibles. Brindar un<\/font><\/font><\/font><\/font><\/font><\/font><\/h5><h5><font style=\"vertical-align: inherit;\"><font style=\"vertical-align: inherit;\"><font style=\"vertical-align: inherit;\"><font style=\"vertical-align: inherit;\"><font style=\"vertical-align: inherit;\"><font style=\"vertical-align: inherit;\">espacio adecuado para implementar talleres<\/font><\/font><\/font><\/font><\/font><\/font><\/h5><h5><font style=\"vertical-align: inherit;\"><font style=\"vertical-align: inherit;\"><font style=\"vertical-align: inherit;\"><font style=\"vertical-align: inherit;\"><font style=\"vertical-align: inherit;\"><font style=\"vertical-align: inherit;\">ocupacionales con los j\u00f3venes que se<\/font><\/font><\/font><\/font><\/font><\/font><\/h5><h5><font style=\"vertical-align: inherit;\"><font style=\"vertical-align: inherit;\"><font style=\"vertical-align: inherit;\"><font style=\"vertical-align: inherit;\"><font style=\"vertical-align: inherit;\"><font style=\"vertical-align: inherit;\">se encuentran en la tercera fase del proceso de<\/font><\/font><\/font><\/font><\/font><\/font><\/h5><h5><font style=\"vertical-align: inherit;\"><font style=\"vertical-align: inherit;\"><font style=\"vertical-align: inherit;\"><font style=\"vertical-align: inherit;\"><font style=\"vertical-align: inherit;\"><font style=\"vertical-align: inherit;\">rehabilitaci\u00f3n de consumo de sustancias<\/font><\/font><\/font><\/font><\/font><\/font><\/h5><h5><font style=\"vertical-align: inherit;\"><font style=\"vertical-align: inherit;\"><font style=\"vertical-align: inherit;\"><font style=\"vertical-align: inherit;\"><font style=\"vertical-align: inherit;\"><font style=\"vertical-align: inherit;\">psicoactivas.<\/font><\/font><\/font><\/font><\/font><\/font><\/h5><\/span><h5><font style=\"vertical-align: inherit;\"><font style=\"vertical-align: inherit;\"><\/font><\/font><\/h5>\n\n\n\n\n\n\n\n<h2><font style=\"vertical-align: inherit;\"><font style=\"vertical-align: inherit;\">DESARROLLO<\/font><\/font><\/h2>\n\n\n\n\n\n<h5><font style=\"vertical-align: inherit;\"><font style=\"vertical-align: inherit;\"><\/font><\/font><\/h5><span style=\"color:#ffffff;\"><h5><font style=\"vertical-align: inherit;\"><font style=\"vertical-align: inherit;\">Se cuenta con los talleres de huerta y vivero, porcicultura, avicultura,<\/font><\/font><\/h5><h5><font style=\"vertical-align: inherit;\"><font style=\"vertical-align: inherit;\">piscicultura y panader\u00eda. En la ejecuci\u00f3n de estos se cuenta con<\/font><\/font><\/h5><h5><font style=\"vertical-align: inherit;\"><font style=\"vertical-align: inherit;\">campesinos capacitados que integran a los pacientes los cuales son<\/font><\/font><\/h5><h5><font style=\"vertical-align: inherit;\"><font style=\"vertical-align: inherit;\">asignados seg\u00fan perfil ocupacional, buscando mejorar su independencia,<\/font><\/font><\/h5><h5><font style=\"vertical-align: inherit;\"><font style=\"vertical-align: inherit;\">h\u00e1bitos y habilidades. En este \u00faltimo tiempo hemos tenido la oportunidad<\/font><\/font><\/h5><h5><font style=\"vertical-align: inherit;\"><font style=\"vertical-align: inherit;\">de contar con el SENA como formador para crear y mejorar t\u00e9cnicas<\/font><\/font><\/h5><h5><font style=\"vertical-align: inherit;\"><font style=\"vertical-align: inherit;\">acordes que le permitan conducirse de una forma m\u00e1s productiva, adem\u00e1s<\/font><\/font><\/h5><h5><font style=\"vertical-align: inherit;\"><font style=\"vertical-align: inherit;\">del apoyo para crear ambientes distintos como fue la construcci\u00f3n del<\/font><\/font><\/h5><h5><font style=\"vertical-align: inherit;\"><font style=\"vertical-align: inherit;\">galp\u00f3n para aves ponedoras; aunque requerimos tener m\u00e1s animales<\/font><\/font><\/h5><h5><font style=\"vertical-align: inherit;\"><font style=\"vertical-align: inherit;\">para que realmente genere un margen de productividad y de exigencia<\/font><\/font><\/h5><h5><font style=\"vertical-align: inherit;\"><font style=\"vertical-align: inherit;\">Para los pacientes.<\/font><\/font><\/h5><\/span><h5><font style=\"vertical-align: inherit;\"><font style=\"vertical-align: inherit;\"><\/font><\/font><\/h5>\n\n\n\n\n\n\n","protected":false},"excerpt":{"rendered":"","protected":false},"author":2,"featured_media":0,"parent":0,"menu_order":0,"comment_status":"closed","ping_status":"closed","template":"","meta":{"pagelayer_contact_templates":[],"_pagelayer_content":"","footnotes":""},"class_list":["post-36","page","type-page","status-publish","hentry"],"_links":{"self":[{"href":"https:\/\/asociacionhernanvergara.com\/ahv\/wp-json\/wp\/v2\/pages\/36","targetHints":{"allow":["GET"]}}],"collection":[{"href":"https:\/\/asociacionhernanvergara.com\/ahv\/wp-json\/wp\/v2\/pages"}],"about":[{"href":"https:\/\/asociacionhernanvergara.com\/ahv\/wp-json\/wp\/v2\/types\/page"}],"author":[{"embeddable":true,"href":"https:\/\/asociacionhernanvergara.com\/ahv\/wp-json\/wp\/v2\/users\/2"}],"replies":[{"embeddable":true,"href":"https:\/\/asociacionhernanvergara.com\/ahv\/wp-json\/wp\/v2\/comments?post=36"}],"version-history":[{"count":7,"href":"https:\/\/asociacionhernanvergara.com\/ahv\/wp-json\/wp\/v2\/pages\/36\/revisions"}],"predecessor-version":[{"id":222,"href":"https:\/\/asociacionhernanvergara.com\/ahv\/wp-json\/wp\/v2\/pages\/36\/revisions\/222"}],"wp:attachment":[{"href":"https:\/\/asociacionhernanvergara.com\/ahv\/wp-json\/wp\/v2\/media?parent=36"}],"curies":[{"name":"wp","href":"https:\/\/api.w.org\/{rel}","templated":true}]}}